{"id":43,"date":"2018-09-05T07:19:25","date_gmt":"2018-09-05T07:19:25","guid":{"rendered":"http:\/\/bugwyszkow.com\/2012\/?page_id=43"},"modified":"2019-10-30T08:43:53","modified_gmt":"2019-10-30T08:43:53","slug":"historia","status":"publish","type":"page","link":"http:\/\/bugwyszkow.com\/2012\/historia\/","title":{"rendered":"Historia"},"content":{"rendered":"<section id=\"aktualnosci\">\n<div class=\"container\">\n<div class=\"row\">\n<div class=\"col-xs-12 col-sm-12 col-md-12 col-lg-12\">\n<div class=\"news\">\n<h2><\/h2>\n<p>&nbsp;<\/p>\n<p>24 kwietnia 1922 &#8211; to bardzo szczeg\u00f3lna data w dziejach, z pewno\u015bci\u0105 nie tylko sportowego \u017cycia Wyszkowa. Tego w\u0142a\u015bnie dnia, nied\u0142ugo po odzyskaniu przez Polsk\u0119 niepodleg\u0142o\u015bci, grupa pracownik\u00f3w najstarszego wyszkowskiego zak\u0142adu przemys\u0142owego &#8211; Huty Szk\u0142a Wyszk\u00f3w, za\u0142o\u017cy\u0142a pi\u0142karski klub \u201eBug\u201d. Dzi\u015b, kiedy dzi\u0119ki szerokiemu i bardzo powszechnemu dost\u0119powi do wszelakich \u015brodk\u00f3w masowego przekazu, mo\u017cemy bez wi\u0119kszych trudno\u015bci pochyli\u0107 si\u0119 i zaczyta\u0107 nad histori\u0105 dowolnego klubu pi\u0142karskiego w Polsce. Tym wi\u0119kszy podziw, uznanie i szacunek musi budzi\u0107 historia i tradycja MZKS Bug Wyszk\u00f3w, bowiem wertuj\u0105c pi\u0142karsk\u0105 map\u0119 Polski bez wi\u0119kszego patosu mo\u017cemy stwierdzi\u0107, \u017ce wyszkowski klub nale\u017cy do jednego z najstarszych w Polsce, a ju\u017c na pewno na terenie historycznego Mazowsza. W\u0142a\u015bciwie d\u0142u\u017csze historie maj\u0105 tylko \u015bl\u0105skie kluby, pochodz\u0105ce z ziem dawnej Galicji. Tam bowiem gra w pi\u0142k\u0119 no\u017cn\u0105 najwcze\u015bniej zyska\u0142a popularno\u015b\u0107.<\/p>\n<p>W okresie mi\u0119dzywojennym Bug sta\u0142 si\u0119 najpopularniejszym klubem w mie\u015bcie. Uprawiali w nim sport ludzie z r\u00f3\u017cnych \u015brodowisk, r\u00f3wnie\u017c ci, kt\u00f3rych nie sta\u0107 by\u0142o na przynale\u017cno\u015b\u0107 do elitarnych towarzystw cyklistycznych, czy tenisowych. Bug szybko r\u00f3wnie\u017c zacz\u0105\u0142 uzyskiwa\u0107 dobre wyniki w rywalizacji sportowej. Wygrywa\u0142 w spotkaniach z istniej\u0105cymi w Wyszkowie klubami \u017cydowskimi &#8211; \u201eHeagulem\u201d, \u201eMacabi\u201d, \u201eGwiazd\u0105\u201d, zwyci\u0119\u017ca\u0142 tak\u017ce z Katolickim Klubem Sportowym \u201eVictoria\u201d.<\/p>\n<p>Rozbudowany w latach trzydziestych wyszkowski stadion sta\u0142 si\u0119 aren\u0105 zawod\u00f3w na skal\u0119 krajow\u0105.<\/p>\n<p>Niestety po nied\u0142ugim czasie kataklizm II wojny \u015bwiatowej (miasto zosta\u0142o zniszczone w 80 procentach), wyniszczenie ludno\u015bci wyszkowskiej, migracje, kaza\u0142y zapomnie\u0107 o uprawianiu sportu.<\/p>\n<p>Po zako\u0144czeniu dzia\u0142a\u0144 wojennych wyszkowski sport odrodzi\u0142 si\u0119 jednak szybko dzi\u0119ki swym dawnym aktywistom. Wznowiono dzia\u0142alno\u015b\u0107 \u201eBugu\u201d, zape\u0142ni\u0142y si\u0119 boiska i bie\u017cnie. Wprawdzie przez jaki\u015b czas zapa\u0142owi ludzi nie towarzyszy\u0142y wielkie sukcesy sportowe, jednak\u017ce nadzieje i ambicje od\u017cy\u0142y wraz z podniesieniem Wyszkowa do rangi stolicy powiatu w 1956 r. Lecz gdy pojawi\u0142y si\u0119 pierwsze oznaki o\u017cywienia, kolejne zmiany administracyjno nakazowe przyhamowa\u0142y rozw\u00f3j klubu. By\u0142 to wynik przy\u0142\u0105czenia Wyszkowa do powsta\u0142ego w 1975 r. wojew\u00f3dztwa ostro\u0142\u0119ckiego. Pieni\u0105dze na sport lokowano w now\u0105 stolic\u0119 wojew\u00f3dztwa. Przyhamowanie nie oznacza jednak zastoju. Rozw\u00f3j trwa\u0142. I w ko\u0144cu sport wyczynowy doczeka\u0142 si\u0119 przej\u015bcia na nowy, wy\u017cszy wymiar, Bug Wyszk\u00f3w awansowa\u0142 w 1983 r. do III ligi pi\u0142karskiej. Ju\u017c w pierwszym sezonie zaj\u0105\u0142 3. miejsce. W nast\u0119pnych latach wyszkowski klub zasilili m. in. J\u00f3zef Kawa\u0142ko z Ursusa Warszawa, bracia Andrzej i Witold Sikorscy z Legii, W\u0142odzimierz Siudek z Wis\u0142y Krak\u00f3w. Tak silny sk\u0142ad musia\u0142 da\u0107 wyniki. W sezonie 87\/88 Bug zaj\u0105\u0142 2. miejsce, a rok p\u00f3\u017aniej wygra\u0142 grup\u0119 warszawsko-mazursk\u0105. By\u0142 to jednak rok bara\u017cy. W dwumeczu wyszkowianie przegrali ze Stilonem Gorz\u00f3w 0:0 i 2:6. Renomowani i do\u015bwiadczeni pi\u0142karze zako\u0144czyli kariery i przez 4 lata Bug by\u0142 typowym \u015bredniakiem III ligi.<\/p>\n<p>Po rundzie jesiennej sezonu 92\/93 Bug prowadzi\u0142 przed MZKS Wasilk\u00f3w tylko jednym punktem. Ostatecznie rok 1993 przyni\u00f3s\u0142 Bugowi tak bardzo upragniony i oczekiwany awans na zaplecze ekstraklasy.<\/p>\n<p>Po kr\u00f3tkim okresie euforii pojawi\u0142y si\u0119 pytania, czy klub dotrzyma kroku nowym wyzwaniom. Sukces by\u0142 niespodziewany, klub nie by\u0142 przygotowany organizacyjnie i finansowo. Nie wzmocniono dru\u017cyny a umiej\u0119tno\u015bci III-ligowe nie wystarczy\u0142y na dor\u00f3wnanie najlepszym.<\/p>\n<p>Ku rozpaczy kibic\u00f3w, pobyt wyszkowian za zapleczu ekstraklasy trwa\u0142 tylko jeden sezon, obna\u017caj\u0105c przy okazji braki kadrowe, organizacyjne, a przede wszystkim finansowe klubu. Od tej pory \u201eBug\u201d stacza\u0142 si\u0119 ju\u017c tylko po r\u00f3wni pochy\u0142ej. Ju\u017c po dw\u00f3ch latach Wyszk\u00f3w musia\u0142 rywalizowa\u0107 tylko na IV froncie. Coraz wi\u0119ksze tarapaty finansowe, a w szczeg\u00f3lno\u015bci reorganizacja rozgrywek IV ligi w sezonie 1998\/1999 sprawi\u0142y, \u017ce \u201eBug\u201d musia\u0142 po\u017cegna\u0107 si\u0119 i z tymi rozgrywkami. By\u0142 to przys\u0142owiowy \u201egw\u00f3\u017ad\u017a do trumny\u201d, kt\u00f3ry ostatecznie przyczyni\u0142 si\u0119 do upadku klubu.<\/p>\n<p>Grupa zapalonych dzia\u0142aczy i pi\u0142karzy jeszcze z czas\u00f3w \u201eBugu\u201d sprawi\u0142a jednak, \u017ce ju\u017c po dw\u00f3ch latach uda\u0142o si\u0119 wskrzesi\u0107 w Wyszkowie rozgrywki na platformie rozgrywek ligowych. Kontynuator starych tradycji, niestety ze wzgl\u0119d\u00f3w formalno-prawnych zmuszony by\u0142 przyj\u0105\u0107 now\u0105 nazw\u0119 Nadbu\u017ca\u0144skiego Towarzystwa Pi\u0142karskiego. Stary-nowy klub w b\u0142yskawicznym tempie awansowa\u0142 od C-Klasy do Ligi Okr\u0119gowej. Sezon 2003\/2004 przyni\u00f3s\u0142 nawet awans do V ligi, w kt\u00f3rej przygoda trwa\u0142a tylko dwa lata.<\/p>\n<p>Nadbu\u017ca\u0144skie Towarzystwo Pi\u0142karskie w Wyszkowie (tak brzmia\u0142a poprzednia nazwa klubu) zosta\u0142o zarejestrowane w S\u0105dzie Okr\u0119gowym w Ostro\u0142\u0119ce w styczniu 2000 roku i od tego czasu zajmuje si\u0119 szkoleniem grup m\u0142odzie\u017cy i senior\u00f3w w sekcji pi\u0142ki no\u017cnej. NTP Wyszk\u00f3w by\u0142o od sezonu 2001\/2002 kontynuatorem tradycji dawnego MZKS &#8221;Bug Wyszk\u00f3w&#8221;, klubu za\u0142o\u017conego w 1922 r., a rozwi\u0105zanego z powodu bankructwa w 1999 roku.<\/p>\n<p>28 lipca 2007 r. wybrany zosta\u0142 nowy Zarz\u0105d klubu, kt\u00f3ry za cel postawi\u0142 sobie m. in. przywr\u00f3cenie dawnej, historycznej nazwy &#8221;Bug Wyszk\u00f3w&#8221;, jak r\u00f3wnie\u017c, w perspektywie, awans do III ligi. 5 listopada 2007 r., Krajowy Rejestr S\u0105dowy w Ostro\u0142\u0119ce wyda\u0142 ostateczn\u0105 decyzj\u0119, zezwalaj\u0105c\u0105 oficjalnie na powr\u00f3t do historycznej nazwy &#8221;Bug&#8221; Wyszk\u00f3w.<\/p>\n<p>Od momentu reaktywacji klubu, w sezonie 2001\/2002, NTP Wyszk\u00f3w rozpocz\u0119\u0142o rywalizacj\u0119 od A-Klasy. W zwi\u0105zku z zas\u0142ugami, kt\u00f3re klub mia\u0142 dla rozwoju i popularyzacji pi\u0142karstwa w wojew\u00f3dztwie mazowieckim, Mazowiecki Zwi\u0105zek Pi\u0142ki No\u017cnej zezwoli\u0142 spadkobiercy Bugu rywalizacj\u0119 rozpocz\u0105\u0107 nie od najni\u017cszej klasy rozrywkowej- czyli w\u00f3wczas C-Klasy, a dwie klasy wy\u017cej. NTP potrzebowa\u0142o dw\u00f3ch sezon\u00f3w aby przebi\u0107 si\u0119 szczebel wy\u017cej, do ligi okr\u0119gowej. Kolejny awans, to dwuletnie wyst\u0119py w V lidze, zwanej w\u00f3wczas Mazowieck\u0105 Lig\u0105 Senior\u00f3w. Po dw\u00f3ch sezonach NTP spad\u0142o z powrotem do \u201eOkr\u0119g\u00f3wki\u201d, aby zago\u015bci\u0107 w niej na kolejne trzy lata. Wspania\u0142y sezon 2008\/2009, w kt\u00f3rym ju\u017c Bug, a nie NTP, w 30 meczach straci\u0142 tylko 8 punkt\u00f3w zosta\u0142 zwie\u0144czony powrotem do V ligi, cho\u0107 w\u00f3wczas, jak i do dzi\u015b nazywana jest czwart\u0105. I taki stan rzeczy trwa\u0142 przez dziewi\u0119\u0107 kolejnych sezon\u00f3w. Wyszkowianie co rok byli w czo\u0142\u00f3wce ligi, trzy razy byli bardzo blisko wywalenia awansu. Za ka\u017cdym razem lig\u0119 wygrywa\u0142a jednak kt\u00f3ra\u015b z zas\u0142u\u017conych sto\u0142ecznych ekip. Czy to GKP Targ\u00f3wek, czy Hutnik, a w ko\u0144cu reaktywowana po spadku z Ekstraklasy Polonia Warszawa. W sezonie 2017\/2018 &#8211; najgorszym pod wzgl\u0119dem sportowym od momentu reaktywacji klubu. Bug, po przegranym bara\u017cu o utrzymanie, ponownie zosta\u0142 zdegradowany do \u201eokr\u0119g\u00f3wki\u201d. Sezon 2018\/2019 to wyst\u0119py w warszawskiej Lidze Okr\u0119gowej. Sezon ten mo\u017cna by by\u0142o zaliczy\u0107 do bardzo udanych, gdyby nie\u2026 ostatni mecz. Wyszkowianie w przypadku wygranej z Mazurem II Karczew wygraliby lig\u0119 i po roku wr\u00f3cili szczebel wy\u017cej. Mimo prowadzenia 2:0 lepsi okazali si\u0119 ostatecznie go\u015bcie, co spowodowa\u0142o, \u017ce nasz klub sko\u0144czy\u0142 sezon dopiero na 4. miejscu w tabeli. Sezon 2019\/2020 Bug rozpocz\u0105\u0142 zatem ponownie w \u201eokr\u0119g\u00f3wce. I to ju\u017c pod historyczn\u0105 nazw\u0105 MZKS \u201eBug\u201d Wyszk\u00f3w (bez rozwini\u0119cia skr\u00f3tu), co oczywi\u015bcie zosta\u0142o prawnie usankcjonowane przez zarz\u0105d klubu.<\/p>\n<p>Warto wspomnie\u0107, \u017ce po drodze kilkukrotnie zak\u0142adana i wycofywana z rozgrywek by\u0142a druga dru\u017cyna. Najwi\u0119kszy sukces rezerwy Bugu odnios\u0142y w sezonie 2016\/2017, kiedy to awansowa\u0142y do ligi okr\u0119gowej, czyli tej ligi, w kt\u00f3rej obecnie wyst\u0119puje wyszkowska \u201ejedynka\u201d.<\/p>\n<p>Pr\u00f3cz senior\u00f3w, warto wspomnie\u0107, \u017ce w klubie trenuje coraz wi\u0119cej dzieci, a z sezonu na sezon przybywa dru\u017cyn m\u0142odzie\u017cowych. Jesieni\u0105 2019 roku do rozgrywek prowadzonych przez Mazowiecki Zwi\u0105zek Pi\u0142ki No\u017cnej zg\u0142oszonych zosta\u0142o 10 dru\u017cyn, pr\u00f3cz tego funkcjonuje kilka grup selekcyjnych, kt\u00f3re na razie skupiaj\u0105 si\u0119 na treningach. Og\u00f3\u0142em klub szkoli prawie trzy setki dzieci, w zdecydowanej wi\u0119kszo\u015bci z terenu gminy Wyszk\u00f3w. W tym kr\u00f3ciutkim rysie historycznym nie ma wielu fakt\u00f3w. Nie ma przede wszystkim nazwiska dzia\u0142aczy, trener\u00f3w i sportowc\u00f3w. A by\u0142y ich setki, zwi\u0105zanych z klubem i zwi\u0105zanych z miastem, bo przecie\u017c \u017cycie Klubu Sportowego \u201eBug\u201d Wyszk\u00f3w to cz\u0119\u015b\u0107 historii Wyszkowa.<\/p>\n<p>Przegl\u0105daj\u0105c te wspomnienia, ogl\u0105daj\u0105c zdj\u0119cia ludzi zwi\u0105zanych kiedy\u015b i obecnie z klubem, pami\u0119tajmy o tych, kt\u00f3rzy tworzyli histori\u0119 \u201eBugu\u201d. Tych kt\u00f3rzy \u017cyj\u0105, i tych kt\u00f3rych w\u015br\u00f3d nas ju\u017c nie ma.<\/p>\n<p>&nbsp;<\/p>\n<p style=\"font-style: italic; font-size: 11px;\">Na podst. \u201eInformatora KS Bug Wyszk\u00f3w\u201d z sezonu 1993\/1994. Opracowa\u0142 i uszczeg\u00f3\u0142owi\u0142 Micha\u0142 Mielczarczyk<\/p>\n<\/div>\n<\/div>\n<\/div>\n<\/div>\n<\/section>\n","protected":false},"excerpt":{"rendered":"<p>&nbsp; 24 kwietnia 1922 &#8211; to bardzo szczeg\u00f3lna data w dziejach, z pewno\u015bci\u0105 nie tylko sportowego \u017cycia Wyszkowa. Tego w\u0142a\u015bnie dnia, nied\u0142ugo po odzyskaniu przez Polsk\u0119 niepodleg\u0142o\u015bci, grupa pracownik\u00f3w najstarszego wyszkowskiego zak\u0142adu przemys\u0142owego &#8211; Huty Szk\u0142a Wyszk\u00f3w, za\u0142o\u017cy\u0142a pi\u0142karski klub \u201eBug\u201d. Dzi\u015b, kiedy dzi\u0119ki szerokiemu i bardzo powszechnemu dost\u0119powi do wszelakich \u015brodk\u00f3w masowego przekazu, mo\u017cemy [&hellip;]<\/p>\n","protected":false},"author":3,"featured_media":50,"parent":0,"menu_order":14,"comment_status":"closed","ping_status":"closed","template":"","meta":{"footnotes":""},"class_list":["post-43","page","type-page","status-publish","has-post-thumbnail","hentry"],"yoast_head":"<!-- This site is optimized with the Yoast SEO plugin v14.6.1 - https:\/\/yoast.com\/wordpress\/plugins\/seo\/ -->\n<title>Historia - 2012<\/title>\n<meta name=\"robots\" content=\"noindex, follow\" \/>\n<meta property=\"og:locale\" content=\"pl_PL\" \/>\n<meta property=\"og:type\" content=\"article\" \/>\n<meta property=\"og:title\" content=\"Historia - 2012\" \/>\n<meta property=\"og:description\" content=\"&nbsp; 24 kwietnia 1922 &#8211; to bardzo szczeg\u00f3lna data w dziejach, z pewno\u015bci\u0105 nie tylko sportowego \u017cycia Wyszkowa. Tego w\u0142a\u015bnie dnia, nied\u0142ugo po odzyskaniu przez Polsk\u0119 niepodleg\u0142o\u015bci, grupa pracownik\u00f3w najstarszego wyszkowskiego zak\u0142adu przemys\u0142owego &#8211; Huty Szk\u0142a Wyszk\u00f3w, za\u0142o\u017cy\u0142a pi\u0142karski klub \u201eBug\u201d. Dzi\u015b, kiedy dzi\u0119ki szerokiemu i bardzo powszechnemu dost\u0119powi do wszelakich \u015brodk\u00f3w masowego przekazu, mo\u017cemy [&hellip;]\" \/>\n<meta property=\"og:url\" content=\"http:\/\/bugwyszkow.com\/2012\/historia\/\" \/>\n<meta property=\"og:site_name\" content=\"2012\" \/>\n<meta property=\"article:modified_time\" content=\"2019-10-30T08:43:53+00:00\" \/>\n<meta property=\"og:image\" content=\"http:\/\/bugwyszkow.com\/2012\/wp-content\/uploads\/sites\/24\/2018\/09\/historia.jpg\" \/>\n\t<meta property=\"og:image:width\" content=\"1920\" \/>\n\t<meta property=\"og:image:height\" content=\"586\" \/>\n<meta name=\"twitter:card\" content=\"summary_large_image\" \/>\n<script type=\"application\/ld+json\" class=\"yoast-schema-graph\">{\"@context\":\"https:\/\/schema.org\",\"@graph\":[{\"@type\":\"WebSite\",\"@id\":\"http:\/\/bugwyszkow.com\/2012\/#website\",\"url\":\"http:\/\/bugwyszkow.com\/2012\/\",\"name\":\"2012\",\"description\":\"\",\"potentialAction\":[{\"@type\":\"SearchAction\",\"target\":\"http:\/\/bugwyszkow.com\/2012\/?s={search_term_string}\",\"query-input\":\"required name=search_term_string\"}],\"inLanguage\":\"pl-PL\"},{\"@type\":\"ImageObject\",\"@id\":\"http:\/\/bugwyszkow.com\/2012\/historia\/#primaryimage\",\"inLanguage\":\"pl-PL\",\"url\":\"http:\/\/bugwyszkow.com\/2012\/wp-content\/uploads\/sites\/24\/2018\/09\/historia.jpg\",\"width\":1920,\"height\":586},{\"@type\":\"WebPage\",\"@id\":\"http:\/\/bugwyszkow.com\/2012\/historia\/#webpage\",\"url\":\"http:\/\/bugwyszkow.com\/2012\/historia\/\",\"name\":\"Historia - 2012\",\"isPartOf\":{\"@id\":\"http:\/\/bugwyszkow.com\/2012\/#website\"},\"primaryImageOfPage\":{\"@id\":\"http:\/\/bugwyszkow.com\/2012\/historia\/#primaryimage\"},\"datePublished\":\"2018-09-05T07:19:25+00:00\",\"dateModified\":\"2019-10-30T08:43:53+00:00\",\"inLanguage\":\"pl-PL\",\"potentialAction\":[{\"@type\":\"ReadAction\",\"target\":[\"http:\/\/bugwyszkow.com\/2012\/historia\/\"]}]}]}<\/script>\n<!-- \/ Yoast SEO plugin. -->","_links":{"self":[{"href":"http:\/\/bugwyszkow.com\/2012\/wp-json\/wp\/v2\/pages\/43","targetHints":{"allow":["GET"]}}],"collection":[{"href":"http:\/\/bugwyszkow.com\/2012\/wp-json\/wp\/v2\/pages"}],"about":[{"href":"http:\/\/bugwyszkow.com\/2012\/wp-json\/wp\/v2\/types\/page"}],"author":[{"embeddable":true,"href":"http:\/\/bugwyszkow.com\/2012\/wp-json\/wp\/v2\/users\/3"}],"replies":[{"embeddable":true,"href":"http:\/\/bugwyszkow.com\/2012\/wp-json\/wp\/v2\/comments?post=43"}],"version-history":[{"count":19,"href":"http:\/\/bugwyszkow.com\/2012\/wp-json\/wp\/v2\/pages\/43\/revisions"}],"predecessor-version":[{"id":4050,"href":"http:\/\/bugwyszkow.com\/2012\/wp-json\/wp\/v2\/pages\/43\/revisions\/4050"}],"wp:featuredmedia":[{"embeddable":true,"href":"http:\/\/bugwyszkow.com\/2012\/wp-json\/wp\/v2\/media\/50"}],"wp:attachment":[{"href":"http:\/\/bugwyszkow.com\/2012\/wp-json\/wp\/v2\/media?parent=43"}],"curies":[{"name":"wp","href":"https:\/\/api.w.org\/{rel}","templated":true}]}}